{"id":125,"date":"2025-10-06T14:33:19","date_gmt":"2025-10-06T14:33:19","guid":{"rendered":"https:\/\/xn--totem-boisflotts-pqb.com\/?post_type=product&#038;p=125"},"modified":"2025-10-17T12:36:16","modified_gmt":"2025-10-17T12:36:16","slug":"mabala","status":"publish","type":"product","link":"https:\/\/xn--totem-boisflotts-pqb.com\/?product=mabala","title":{"rendered":"Mabala"},"content":{"rendered":"<p><strong>Dimanche : Du spectacle et du prestige<\/strong><br \/>\nD\u00e8s 10h, cap sur Vias pour une exposition \u00e9blouissante et surtout des duels palpitants sur la piste de karting ou d\u2019anciennes gloires de la course automobile ont retrouv\u00e9 tout leur talent<br \/>\nLe clou du week-end ? Le prestigieux concours d\u2019\u00e9l\u00e9gance au pied de la Grande Roue, o\u00f9 la mythique Corvette 58 de l\u2019ACO a d\u00e9croch\u00e9 le prix sp\u00e9cial du Jury FFVE face \u00e0 une concurrence acharn\u00e9e !<br \/>\nUne victoire qui propulse Franck et Catherine vers Paris pour d\u00e9fier l\u2019\u00e9lite des voitures d\u2019exception.<br \/>\nUn immense merci aux organisateurs pour ce week-end, m\u00ealant passion automobile, convivialit\u00e9 et \u00e9motions intenses.<\/p>\n","protected":false},"excerpt":{"rendered":"<p>Pour les amateurs de belles m\u00e9caniques, le dernier week-end de septembre a vu un festival automobile d\u2019exception au Cap d\u2019Agde.<\/p>\n","protected":false},"featured_media":150,"comment_status":"open","ping_status":"closed","template":"","meta":[],"product_brand":[],"product_cat":[19],"product_tag":[],"class_list":{"0":"post-125","1":"product","2":"type-product","3":"status-publish","4":"has-post-thumbnail","6":"product_cat-totem","8":"first","9":"instock","10":"shipping-taxable","11":"purchasable","12":"product-type-simple"},"jetpack_sharing_enabled":true,"_links":{"self":[{"href":"https:\/\/xn--totem-boisflotts-pqb.com\/index.php?rest_route=\/wp\/v2\/product\/125","targetHints":{"allow":["GET"]}}],"collection":[{"href":"https:\/\/xn--totem-boisflotts-pqb.com\/index.php?rest_route=\/wp\/v2\/product"}],"about":[{"href":"https:\/\/xn--totem-boisflotts-pqb.com\/index.php?rest_route=\/wp\/v2\/types\/product"}],"replies":[{"embeddable":true,"href":"https:\/\/xn--totem-boisflotts-pqb.com\/index.php?rest_route=%2Fwp%2Fv2%2Fcomments&post=125"}],"wp:featuredmedia":[{"embeddable":true,"href":"https:\/\/xn--totem-boisflotts-pqb.com\/index.php?rest_route=\/wp\/v2\/media\/150"}],"wp:attachment":[{"href":"https:\/\/xn--totem-boisflotts-pqb.com\/index.php?rest_route=%2Fwp%2Fv2%2Fmedia&parent=125"}],"wp:term":[{"taxonomy":"product_brand","embeddable":true,"href":"https:\/\/xn--totem-boisflotts-pqb.com\/index.php?rest_route=%2Fwp%2Fv2%2Fproduct_brand&post=125"},{"taxonomy":"product_cat","embeddable":true,"href":"https:\/\/xn--totem-boisflotts-pqb.com\/index.php?rest_route=%2Fwp%2Fv2%2Fproduct_cat&post=125"},{"taxonomy":"product_tag","embeddable":true,"href":"https:\/\/xn--totem-boisflotts-pqb.com\/index.php?rest_route=%2Fwp%2Fv2%2Fproduct_tag&post=125"}],"curies":[{"name":"wp","href":"https:\/\/api.w.org\/{rel}","templated":true}]}}