{"id":29,"date":"2025-10-05T15:04:01","date_gmt":"2025-10-05T15:04:01","guid":{"rendered":"https:\/\/beige-ostrich-932635.hostingersite.com\/?page_id=29"},"modified":"2025-10-16T09:17:44","modified_gmt":"2025-10-16T09:17:44","slug":"un-mot-sur-allan","status":"publish","type":"page","link":"https:\/\/xn--totem-boisflotts-pqb.com\/?page_id=29","title":{"rendered":"Un mot sur Allan"},"content":{"rendered":"\n<p><strong>Allan&nbsp; DEBARGE n\u00e9 le 21 Avril 1946<\/strong><\/p>\n\n\n\n<p><strong>Signature avant 2022&nbsp;: Allan +Signature \u00e0 partir de 2022&nbsp;: ADB 22<\/strong><\/p>\n\n\n\n<p><strong>1960-Tr\u00e8s jeune \u00e0 Marseille il fr\u00e9quente le Beaux Arts&nbsp; et suit les cours de l\u2019Atelier de Marguerite Allar&nbsp; o\u00f9 il croisera Pierre Ambrogiani qui lui donnera le go\u00fbt d\u2019une palette fauve,&nbsp; violente et color\u00e9e.<\/strong><\/p>\n\n\n\n<p><strong>1965 &#8211; A Nice, \u00e9tudiant en Droit , il ne manque pas une occasion de s\u2019\u00e9chapper du campus pour rejoindre Saint Paul de Vence&nbsp; o\u00f9 il y c\u00f4toie les sculpteurs C\u00e9sar et Arman , de nombreux pensionnaires de la Fondation Maeght&nbsp; et sera tr\u00e8s proche de l\u2019Atelier de Henri Bavi\u00e9ra&nbsp; pour la gravure&nbsp; et de Michel Muraour pour la c\u00e9ramique.<\/strong><\/p>\n\n\n\n<p><strong>1981-1990&nbsp; Juriste dans diverses entreprises .<\/strong><\/p>\n\n\n\n<p><strong>1991- administrateur d\u2019une filiale de la Warner Bros ( Atari) .<\/strong><\/p>\n\n\n\n<p><strong>&nbsp;1994-Il fonde &nbsp; Jurix-Consult qu\u2019il&nbsp; pr\u00e9side pendant 15 ans .<\/strong><\/p>\n\n\n\n<p><strong>2002 &#8211; Reprise d\u2019\u00e9tudes \u00e0 la Facult\u00e9 de Droit de Nanterre&nbsp; il y d\u00e9couvre la M\u00e9diation<\/strong><\/p>\n\n\n\n<p><strong>2007-2008 Universit\u00e9 Catholique de Paris ASSAS &nbsp; -IFOMENE<\/strong><\/p>\n\n\n\n<p><strong>Dipl\u00f4me de&nbsp; M\u00e9diateur&nbsp;<\/strong><\/p>\n\n\n\n<p><strong>2009\u2013 Cr\u00e9ation de Ecritures et M\u00e9diation &nbsp; \u2026.<\/strong><\/p>\n\n\n\n<p><strong>&nbsp;&nbsp;&nbsp;&nbsp;&nbsp;&nbsp;&nbsp;&nbsp;&nbsp;&nbsp;&nbsp;&nbsp;&nbsp;&nbsp;&nbsp;&nbsp;&nbsp;&nbsp;&nbsp;&nbsp;&nbsp;&nbsp;&nbsp;&nbsp;&nbsp;&nbsp;&nbsp;&nbsp;&nbsp;&nbsp;&nbsp;&nbsp;********<\/strong><\/p>\n\n\n\n<p>1960-2022 \u2013 Nombreuses&nbsp; ventes de tableaux&nbsp; (sign\u00e9s&nbsp; Allan ) lors de diverses expositions<\/p>\n\n\n\n<p>2022 \u2013 La r\u00e9v\u00e9lation du <strong>Bois flott\u00e9<\/strong> \u00e0 l\u2019occasion d\u2019une&nbsp; balade sur le littoral Occitan apr\u00e8s la temp\u00eate du mois de Mars. Il se consacre alors essentiellement \u00e0 la sculpture des <strong>\u00ab&nbsp;Tot\u2019Aim&nbsp;\u00bb<\/strong> ( sign\u00e9s <strong>ADB22<\/strong>)<\/p>\n\n\n\n<p>De tr\u00e8s nombreuses ventes en collections priv\u00e9es.&nbsp; (2 catalogues)<\/p>\n\n\n\n<p>&nbsp;&nbsp;version courte<\/p>\n\n\n\n<p>ADB 22-Allan DEBARGE<\/p>\n\n\n\n<p>Artiste sculpteur ADB22 transforme les&nbsp; Bois flott\u00e9s&nbsp; en \u00ab&nbsp; Tot\u2019Aim&nbsp;\u00bb singuliers, totems marqu\u00e9s par la mer , le vent&nbsp; et le temps , ces mat\u00e9riaux&nbsp; bruts deviennent des figures \u00e0 la fois puissantes&nbsp; et po\u00e9tiques&nbsp; qui interrogent notre lien \u00e0 la nature et \u00e0 la m\u00e9moire des \u00e9l\u00e9ments<\/p>\n\n\n\n<p>Version \u00e9labor\u00e9e<\/p>\n\n\n\n<p>Sous le nom d\u2019ADB 22 , Allan DEBARGE s\u2019impose comme un sculpteur singulier habit\u00e9 par le dialogue&nbsp; entre la nature et l\u2019imaginaire. Son mat\u00e9riau est le bois flott\u00e9 qu\u2019il collecte au fil de ses explorations des rivages d\u2019Occitanie porteurs&nbsp; de voyages marins ,de traces&nbsp; du temps et d\u2019histoires silencieuses.<\/p>\n\n\n\n<p>De ces fragments bruts us\u00e9s par l\u2019eau et le vent, il fait naitre des \u00ab&nbsp;Tot&nbsp;\u2018Aim&nbsp;\u00bb contemporains, des figures&nbsp; \u00e9lanc\u00e9es ou guerri\u00e8res qui oscillent&nbsp; entre spiritualit\u00e9 et force primitive .Chaque sculpture est pens\u00e9e comme un gardien symbolique, un rep\u00e8re po\u00e9tique , \u00e0 la crois\u00e9e des cultures ancestrales ou tribales&nbsp; et d\u2019une vision r\u00e9solument personnelle.<\/p>\n\n\n\n<p>Chez ADB 22 le geste n\u2019efface jamais la m\u00e9moire du bois&nbsp;: les asp\u00e9rit\u00e9s, les cicatrices, les formes naturelles&nbsp; demeurent visibles et participent \u00e0 la narration .Ses \u0153uvres d\u00e9gagent ainsi une \u00e9nergie brute et authentique, tout en portant une dimension onirique qui invite le spectateur au voyage int\u00e9rieur<\/p>\n\n\n\n<p>Allan DEBARGE-ADB 22 \u2013 propose \u00e0 travers ses cr\u00e9ations une r\u00e9flexion sur notre lien \u00e0 la nature, aux racines et aux mythes fondateurs. Ses \u00ab&nbsp;Tot\u2019Aim&nbsp;\u00bb sont autant de passerelles entre le monde des \u00e9l\u00e9ments et celui des hommes.<\/p>\n\n\n\n<p>PUIS \u2026.<\/p>\n\n\n\n<p>La version qui m\u00eale&nbsp; droit et Art<\/p>\n\n\n\n<p>Sous le nom d\u2019artiste&nbsp; ADB 22 , Allan DEBARGE&nbsp; d\u00e9ploie un univers o\u00f9 le Droit et&nbsp; l\u2019Art se rencontrent .<\/p>\n\n\n\n<p>Juriste&nbsp; et&nbsp; m\u00e9diateur&nbsp; conventionnel, il a toujours eu le go\u00fbt de l\u2019\u00e9quilibre et de l\u2019harmonie. Cette qu\u00eate s\u2019exprime&nbsp; d\u00e9sormais dans ses&nbsp; \u00ab&nbsp;Tot\u2019Aim&nbsp;\u00ab&nbsp; , sculptures&nbsp; qu\u2019il ex\u00e9cute \u00e0 travers une pratique singuli\u00e8re&nbsp;:&nbsp;<\/p>\n\n\n\n<p>&nbsp;&nbsp;&nbsp;&nbsp;&nbsp;&nbsp;&nbsp;&nbsp;&nbsp;&nbsp;&nbsp;&nbsp;&nbsp;&nbsp;&nbsp;&nbsp;&nbsp;&nbsp;&nbsp;&nbsp;&nbsp;&nbsp;La m\u00e9tamorphose du bois flott\u00e9.<\/p>\n\n\n\n<p>Ces fragments de la nature ,polis par le temps, portent en eux des histoires invisibles .Entre ses mains ils deviennent des figures tot\u00e9miques, t\u00e9moins d\u2019un dialogue silencieux entre l\u2019homme et les \u00e9l\u00e9ments. Chaque \u0153uvre est \u00e0 la fois ancr\u00e9e dans la m\u00e9moire de la mati\u00e8re et ouverte \u00e0 l\u2019imaginaire du spectateur.<\/p>\n\n\n\n<p>Avec ses cr\u00e9ations ADB 22 invite \u00e0 contempler l\u2019inattendu , \u00e0 \u00e9couter la voix du bois et \u00e0 percevoir&nbsp; dans ces sculptures la rencontre entre la rigueur de sa formation juridique et la libert\u00e9 de sa sensibilit\u00e9 artistique..<\/p>\n","protected":false},"excerpt":{"rendered":"<p>Allan&nbsp; DEBARGE n\u00e9 le 21 Avril 1946 Signature avant 2022&nbsp;: Allan +Signature \u00e0 partir de 2022&nbsp;: ADB 22 1960-Tr\u00e8s jeune \u00e0 Marseille il fr\u00e9quente le Beaux Arts&nbsp; et suit les cours de l\u2019Atelier de&#46;&#46;&#46;<\/p>\n","protected":false},"author":1,"featured_media":0,"parent":0,"menu_order":0,"comment_status":"closed","ping_status":"closed","template":"","meta":{"footnotes":""},"class_list":["post-29","page","type-page","status-publish","hentry"],"_hostinger_reach_plugin_has_subscription_block":false,"_hostinger_reach_plugin_is_elementor":false,"jetpack_sharing_enabled":true,"_links":{"self":[{"href":"https:\/\/xn--totem-boisflotts-pqb.com\/index.php?rest_route=\/wp\/v2\/pages\/29","targetHints":{"allow":["GET"]}}],"collection":[{"href":"https:\/\/xn--totem-boisflotts-pqb.com\/index.php?rest_route=\/wp\/v2\/pages"}],"about":[{"href":"https:\/\/xn--totem-boisflotts-pqb.com\/index.php?rest_route=\/wp\/v2\/types\/page"}],"author":[{"embeddable":true,"href":"https:\/\/xn--totem-boisflotts-pqb.com\/index.php?rest_route=\/wp\/v2\/users\/1"}],"replies":[{"embeddable":true,"href":"https:\/\/xn--totem-boisflotts-pqb.com\/index.php?rest_route=%2Fwp%2Fv2%2Fcomments&post=29"}],"version-history":[{"count":3,"href":"https:\/\/xn--totem-boisflotts-pqb.com\/index.php?rest_route=\/wp\/v2\/pages\/29\/revisions"}],"predecessor-version":[{"id":91,"href":"https:\/\/xn--totem-boisflotts-pqb.com\/index.php?rest_route=\/wp\/v2\/pages\/29\/revisions\/91"}],"wp:attachment":[{"href":"https:\/\/xn--totem-boisflotts-pqb.com\/index.php?rest_route=%2Fwp%2Fv2%2Fmedia&parent=29"}],"curies":[{"name":"wp","href":"https:\/\/api.w.org\/{rel}","templated":true}]}}