{"id":11,"date":"2025-10-05T14:45:10","date_gmt":"2025-10-05T14:45:10","guid":{"rendered":"https:\/\/beige-ostrich-932635.hostingersite.com\/?page_id=11"},"modified":"2025-11-13T20:03:53","modified_gmt":"2025-11-13T20:03:53","slug":"accueil","status":"publish","type":"page","link":"https:\/\/xn--totem-boisflotts-pqb.com\/","title":{"rendered":"Accueil"},"content":{"rendered":"\n<h4 class=\"wp-block-heading has-large-font-size\" style=\"font-style:normal;font-weight:200;text-decoration:underline\">LA MOUVANCE DES TOTEMS<\/h4>\n\n\n\n<div class=\"wp-block-columns is-layout-flex wp-container-core-columns-is-layout-9d6595d7 wp-block-columns-is-layout-flex\">\n<div class=\"wp-block-column is-layout-flow wp-block-column-is-layout-flow\">\n<figure class=\"wp-block-image size-large\"><img loading=\"lazy\" decoding=\"async\" width=\"768\" height=\"1024\" src=\"https:\/\/xn--totem-boisflotts-pqb.com\/wp-content\/uploads\/2025\/10\/JVARO-768x1024.jpeg\" alt=\"\" class=\"wp-image-208\" srcset=\"https:\/\/xn--totem-boisflotts-pqb.com\/wp-content\/uploads\/2025\/10\/JVARO-768x1024.jpeg 768w, https:\/\/xn--totem-boisflotts-pqb.com\/wp-content\/uploads\/2025\/10\/JVARO-225x300.jpeg 225w, https:\/\/xn--totem-boisflotts-pqb.com\/wp-content\/uploads\/2025\/10\/JVARO-600x800.jpeg 600w, https:\/\/xn--totem-boisflotts-pqb.com\/wp-content\/uploads\/2025\/10\/JVARO.jpeg 1080w\" sizes=\"auto, (max-width: 768px) 100vw, 768px\" \/><\/figure>\n<\/div>\n\n\n\n<div class=\"wp-block-column is-layout-flow wp-block-column-is-layout-flow\">\n<figure class=\"wp-block-image size-large\"><img loading=\"lazy\" decoding=\"async\" width=\"768\" height=\"1024\" src=\"https:\/\/xn--totem-boisflotts-pqb.com\/wp-content\/uploads\/2025\/10\/kuistobird-1-768x1024.jpeg\" alt=\"\" class=\"wp-image-102\" srcset=\"https:\/\/xn--totem-boisflotts-pqb.com\/wp-content\/uploads\/2025\/10\/kuistobird-1-768x1024.jpeg 768w, https:\/\/xn--totem-boisflotts-pqb.com\/wp-content\/uploads\/2025\/10\/kuistobird-1-800x1067.jpeg 800w, https:\/\/xn--totem-boisflotts-pqb.com\/wp-content\/uploads\/2025\/10\/kuistobird-1-225x300.jpeg 225w, https:\/\/xn--totem-boisflotts-pqb.com\/wp-content\/uploads\/2025\/10\/kuistobird-1.jpeg 1080w\" sizes=\"auto, (max-width: 768px) 100vw, 768px\" \/><\/figure>\n<\/div>\n\n\n\n<div class=\"wp-block-column is-layout-flow wp-block-column-is-layout-flow\">\n<p class=\"has-black-color has-text-color has-background has-link-color has-medium-font-size wp-elements-8ee7d7750bb1b3e77fe7e1782942fbb4\" style=\"background-color:#7bdbb580\">Les TOT\u2019AIM de ADB 22 s\u2019inscrivent pleinement dans l\u2019\u00e9lan actuel d\u2019une repr\u00e9sentation tot\u00e9mique de l\u2019Art brut. Entre m\u00e9moire et imaginaire, ils rejoignent une sc\u00e8ne artistique foisonnante o\u00f9 le totem se r\u00e9invente sans cesse.<\/p>\n\n\n\n<p class=\"has-black-color has-text-color has-background has-link-color has-medium-font-size wp-elements-f6e7076feec0116c26324c1827abbdee\" style=\"background-color:#7bdbb580\">Citons les totems \u00e9ph\u00e9m\u00e8res de Claberic, les structures de bambou d\u2019Andr\u00e9a Branzi au mus\u00e9e de Giverny, les figures hybrides d\u2019Ali Cherri au MAC de Marseille ou encore \u00e0 Evian, les bois sculpt\u00e9s d\u2019Eloi Schultz expos\u00e9s \u00e0 la RART Galerie tous dialoguent avec les TOT\u2019AIM par ADB 22<\/p>\n<\/div>\n<\/div>\n\n\n\n<h5 class=\"wp-block-heading has-text-align-center has-white-color has-text-color has-background has-link-color wp-elements-5a35bceab639daa48fd95519e0557e49\" style=\"background-color:#1e465d\">Les Bois flott\u00e9s de ADB22 sont autant de d\u00e9marches qui confirment la vitalit\u00e9 de la mouvance o\u00f9 le totem, archa\u00efque et contemporain \u00e0 la fois, devient langage universel.<\/h5>\n\n\n\n<p><\/p>\n","protected":false},"excerpt":{"rendered":"<p>LA MOUVANCE DES TOTEMS Les TOT\u2019AIM de ADB 22 s\u2019inscrivent pleinement dans l\u2019\u00e9lan actuel d\u2019une repr\u00e9sentation tot\u00e9mique de l\u2019Art brut. Entre m\u00e9moire et imaginaire, ils rejoignent une sc\u00e8ne artistique foisonnante o\u00f9 le totem se&#46;&#46;&#46;<\/p>\n","protected":false},"author":1,"featured_media":0,"parent":0,"menu_order":0,"comment_status":"closed","ping_status":"closed","template":"","meta":{"footnotes":""},"class_list":["post-11","page","type-page","status-publish","hentry"],"_hostinger_reach_plugin_has_subscription_block":false,"_hostinger_reach_plugin_is_elementor":false,"jetpack_sharing_enabled":true,"_links":{"self":[{"href":"https:\/\/xn--totem-boisflotts-pqb.com\/index.php?rest_route=\/wp\/v2\/pages\/11","targetHints":{"allow":["GET"]}}],"collection":[{"href":"https:\/\/xn--totem-boisflotts-pqb.com\/index.php?rest_route=\/wp\/v2\/pages"}],"about":[{"href":"https:\/\/xn--totem-boisflotts-pqb.com\/index.php?rest_route=\/wp\/v2\/types\/page"}],"author":[{"embeddable":true,"href":"https:\/\/xn--totem-boisflotts-pqb.com\/index.php?rest_route=\/wp\/v2\/users\/1"}],"replies":[{"embeddable":true,"href":"https:\/\/xn--totem-boisflotts-pqb.com\/index.php?rest_route=%2Fwp%2Fv2%2Fcomments&post=11"}],"version-history":[{"count":16,"href":"https:\/\/xn--totem-boisflotts-pqb.com\/index.php?rest_route=\/wp\/v2\/pages\/11\/revisions"}],"predecessor-version":[{"id":258,"href":"https:\/\/xn--totem-boisflotts-pqb.com\/index.php?rest_route=\/wp\/v2\/pages\/11\/revisions\/258"}],"wp:attachment":[{"href":"https:\/\/xn--totem-boisflotts-pqb.com\/index.php?rest_route=%2Fwp%2Fv2%2Fmedia&parent=11"}],"curies":[{"name":"wp","href":"https:\/\/api.w.org\/{rel}","templated":true}]}}